{"id":2175,"date":"2025-09-30T21:30:20","date_gmt":"2025-09-30T21:30:20","guid":{"rendered":"https:\/\/matys.place\/?page_id=2175"},"modified":"2026-01-02T22:55:52","modified_gmt":"2026-01-02T22:55:52","slug":"contact","status":"publish","type":"page","link":"https:\/\/matys.place\/pt\/contact\/","title":{"rendered":"Contacte-nos"},"content":{"rendered":"<div data-elementor-type=\"wp-page\" data-elementor-id=\"2175\" class=\"elementor elementor-2175\">\n\t\t\t\t\t\t<section class=\"elementor-section elementor-top-section elementor-element elementor-element-19709699 elementor-section-full_width elementor-section-height-default elementor-section-height-default\" data-id=\"19709699\" data-element_type=\"section\" data-e-type=\"section\">\n\t\t\t\t\t\t<div class=\"elementor-container elementor-column-gap-default\">\n\t\t\t\t\t<div class=\"elementor-column elementor-col-50 elementor-top-column elementor-element elementor-element-c0ce22a\" data-id=\"c0ce22a\" data-element_type=\"column\" data-e-type=\"column\">\n\t\t\t<div class=\"elementor-widget-wrap elementor-element-populated\">\n\t\t\t\t\t\t<div class=\"elementor-element elementor-element-34e70548 elementor-widget elementor-widget-image\" data-id=\"34e70548\" data-element_type=\"widget\" data-e-type=\"widget\" data-widget_type=\"image.default\">\n\t\t\t\t<div class=\"elementor-widget-container\">\n\t\t\t\t\t\t\t\t\t\t\t\t\t\t\t<img fetchpriority=\"high\" decoding=\"async\" width=\"1490\" height=\"1189\" src=\"https:\/\/matys.place\/wp-content\/uploads\/2026\/01\/MATYS-PLACE-ERICEIRA-PORTUGAL.jpg\" class=\"attachment-full size-full wp-image-2252\" alt=\"Matys Place - Mafra - Ericeira - Portugal\" srcset=\"https:\/\/matys.place\/wp-content\/uploads\/2026\/01\/MATYS-PLACE-ERICEIRA-PORTUGAL.jpg 1490w, https:\/\/matys.place\/wp-content\/uploads\/2026\/01\/MATYS-PLACE-ERICEIRA-PORTUGAL-300x239.jpg 300w, https:\/\/matys.place\/wp-content\/uploads\/2026\/01\/MATYS-PLACE-ERICEIRA-PORTUGAL-1024x817.jpg 1024w, https:\/\/matys.place\/wp-content\/uploads\/2026\/01\/MATYS-PLACE-ERICEIRA-PORTUGAL-768x613.jpg 768w, https:\/\/matys.place\/wp-content\/uploads\/2026\/01\/MATYS-PLACE-ERICEIRA-PORTUGAL-15x12.jpg 15w, https:\/\/matys.place\/wp-content\/uploads\/2026\/01\/MATYS-PLACE-ERICEIRA-PORTUGAL-100x80.jpg 100w, https:\/\/matys.place\/wp-content\/uploads\/2026\/01\/MATYS-PLACE-ERICEIRA-PORTUGAL-380x303.jpg 380w, https:\/\/matys.place\/wp-content\/uploads\/2026\/01\/MATYS-PLACE-ERICEIRA-PORTUGAL-877x700.jpg 877w, https:\/\/matys.place\/wp-content\/uploads\/2026\/01\/MATYS-PLACE-ERICEIRA-PORTUGAL-1190x950.jpg 1190w, https:\/\/matys.place\/wp-content\/uploads\/2026\/01\/MATYS-PLACE-ERICEIRA-PORTUGAL-1353x1080.jpg 1353w, https:\/\/matys.place\/wp-content\/uploads\/2026\/01\/MATYS-PLACE-ERICEIRA-PORTUGAL-53x42.jpg 53w\" sizes=\"(max-width: 1490px) 100vw, 1490px\" \/>\t\t\t\t\t\t\t\t\t\t\t\t\t\t\t<\/div>\n\t\t\t\t<\/div>\n\t\t\t\t<section class=\"elementor-section elementor-inner-section elementor-element elementor-element-6c50edf0 thmv-inner-container thmv-inner-right elementor-section-boxed elementor-section-height-default elementor-section-height-default\" data-id=\"6c50edf0\" data-element_type=\"section\" data-e-type=\"section\">\n\t\t\t\t\t\t<div class=\"elementor-container elementor-column-gap-no\">\n\t\t\t\t\t<div class=\"elementor-column elementor-col-100 elementor-inner-column elementor-element elementor-element-14ae67d8 thmv-flex-right\" data-id=\"14ae67d8\" data-element_type=\"column\" data-e-type=\"column\">\n\t\t\t<div class=\"elementor-widget-wrap elementor-element-populated\">\n\t\t\t\t\t\t\t<\/div>\n\t\t<\/div>\n\t\t\t\t\t<\/div>\n\t\t<\/section>\n\t\t\t\t\t<\/div>\n\t\t<\/div>\n\t\t\t\t<div class=\"elementor-column elementor-col-50 elementor-top-column elementor-element elementor-element-7049ebb0\" data-id=\"7049ebb0\" data-element_type=\"column\" data-e-type=\"column\" data-settings=\"{&quot;background_background&quot;:&quot;classic&quot;}\">\n\t\t\t<div class=\"elementor-widget-wrap\">\n\t\t\t\t\t\t\t<\/div>\n\t\t<\/div>\n\t\t\t\t\t<\/div>\n\t\t<\/section>\n\t\t\t\t<section class=\"elementor-section elementor-top-section elementor-element elementor-element-9598e54 elementor-section-boxed elementor-section-height-default elementor-section-height-default\" data-id=\"9598e54\" data-element_type=\"section\" data-e-type=\"section\">\n\t\t\t\t\t\t<div class=\"elementor-container elementor-column-gap-default\">\n\t\t\t\t\t<div class=\"elementor-column elementor-col-100 elementor-top-column elementor-element elementor-element-386cb3d\" data-id=\"386cb3d\" data-element_type=\"column\" data-e-type=\"column\">\n\t\t\t<div class=\"elementor-widget-wrap elementor-element-populated\">\n\t\t\t\t\t\t<div class=\"elementor-element elementor-element-abad00f elementor-widget elementor-widget-heading\" data-id=\"abad00f\" data-element_type=\"widget\" data-e-type=\"widget\" data-widget_type=\"heading.default\">\n\t\t\t\t<div class=\"elementor-widget-container\">\n\t\t\t\t\t<h6 class=\"elementor-heading-title elementor-size-default\">Maty's Place<\/h6>\t\t\t\t<\/div>\n\t\t\t\t<\/div>\n\t\t\t\t\t<\/div>\n\t\t<\/div>\n\t\t\t\t\t<\/div>\n\t\t<\/section>\n\t\t\t\t<section class=\"elementor-section elementor-top-section elementor-element elementor-element-a4ce049 elementor-section-boxed elementor-section-height-default elementor-section-height-default\" data-id=\"a4ce049\" data-element_type=\"section\" data-e-type=\"section\">\n\t\t\t\t\t\t<div class=\"elementor-container elementor-column-gap-default\">\n\t\t\t\t\t<div class=\"elementor-column elementor-col-100 elementor-top-column elementor-element elementor-element-cef3184\" data-id=\"cef3184\" data-element_type=\"column\" data-e-type=\"column\">\n\t\t\t<div class=\"elementor-widget-wrap elementor-element-populated\">\n\t\t\t\t\t\t<div class=\"elementor-element elementor-element-483875f elementor-widget elementor-widget-text-editor\" data-id=\"483875f\" data-element_type=\"widget\" data-e-type=\"widget\" data-widget_type=\"text-editor.default\">\n\t\t\t\t<div class=\"elementor-widget-container\">\n\t\t\t\t\t\t\t\t\t<p>S\u00f3 processamos pedidos de reserva, reservas, consultas, etc. atrav\u00e9s das plataformas Airbnb.com e Booking.com. N\u00e3o processamos reservas ou outros pedidos por telefone, mensagens de texto, e-mail ou redes sociais.\u00a0<\/p>\t\t\t\t\t\t\t\t<\/div>\n\t\t\t\t<\/div>\n\t\t\t\t\t<\/div>\n\t\t<\/div>\n\t\t\t\t\t<\/div>\n\t\t<\/section>\n\t\t\t\t<section class=\"elementor-section elementor-top-section elementor-element elementor-element-0fe0d90 elementor-section-boxed elementor-section-height-default elementor-section-height-default\" data-id=\"0fe0d90\" data-element_type=\"section\" data-e-type=\"section\">\n\t\t\t\t\t\t<div class=\"elementor-container elementor-column-gap-default\">\n\t\t\t\t\t<div class=\"elementor-column elementor-col-100 elementor-top-column elementor-element elementor-element-4954f7d\" data-id=\"4954f7d\" data-element_type=\"column\" data-e-type=\"column\">\n\t\t\t<div class=\"elementor-widget-wrap elementor-element-populated\">\n\t\t\t\t\t\t<div class=\"elementor-element elementor-element-75d3387 elementor-widget elementor-widget-google_maps\" data-id=\"75d3387\" data-element_type=\"widget\" data-e-type=\"widget\" data-widget_type=\"google_maps.default\">\n\t\t\t\t<div class=\"elementor-widget-container\">\n\t\t\t\t\t\t\t<div class=\"elementor-custom-embed\">\n\t\t\t<iframe loading=\"lazy\"\n\t\t\t\t\tsrc=\"https:\/\/maps.google.com\/maps?q=Rua%20dos%20Oleiros%2013%20Mafra&#038;t=m&#038;z=13&#038;output=embed&#038;iwloc=near\"\n\t\t\t\t\ttitle=\"Rua dos Oleiros 13 Mafra\"\n\t\t\t\t\taria-label=\"Rua dos Oleiros 13 Mafra\"\n\t\t\t><\/iframe>\n\t\t<\/div>\n\t\t\t\t\t\t<\/div>\n\t\t\t\t<\/div>\n\t\t\t\t\t<\/div>\n\t\t<\/div>\n\t\t\t\t\t<\/div>\n\t\t<\/section>\n\t\t\t\t<section class=\"elementor-section elementor-top-section elementor-element elementor-element-1c58fa4 elementor-section-boxed elementor-section-height-default elementor-section-height-default\" data-id=\"1c58fa4\" data-element_type=\"section\" data-e-type=\"section\">\n\t\t\t\t\t\t<div class=\"elementor-container elementor-column-gap-default\">\n\t\t\t\t\t<div class=\"elementor-column elementor-col-100 elementor-top-column elementor-element elementor-element-1afa200\" data-id=\"1afa200\" data-element_type=\"column\" data-e-type=\"column\">\n\t\t\t<div class=\"elementor-widget-wrap elementor-element-populated\">\n\t\t\t\t\t\t<div class=\"elementor-element elementor-element-ba65b14 elementor-align-center elementor-widget__width-initial elementor-widget elementor-widget-button\" data-id=\"ba65b14\" data-element_type=\"widget\" data-e-type=\"widget\" data-widget_type=\"button.default\">\n\t\t\t\t<div class=\"elementor-widget-container\">\n\t\t\t\t\t\t\t\t\t<div class=\"elementor-button-wrapper\">\n\t\t\t\t\t<a class=\"elementor-button elementor-button-link elementor-size-sm\" href=\"https:\/\/linktr.ee\/matysplace\" target=\"_blank\">\n\t\t\t\t\t\t<span class=\"elementor-button-content-wrapper\">\n\t\t\t\t\t\t\t\t\t<span class=\"elementor-button-text\">RESERVAR<\/span>\n\t\t\t\t\t<\/span>\n\t\t\t\t\t<\/a>\n\t\t\t\t<\/div>\n\t\t\t\t\t\t\t\t<\/div>\n\t\t\t\t<\/div>\n\t\t\t\t\t<\/div>\n\t\t<\/div>\n\t\t\t\t\t<\/div>\n\t\t<\/section>\n\t\t\t\t<section class=\"elementor-section elementor-top-section elementor-element elementor-element-bd6eb20 elementor-section-boxed elementor-section-height-default elementor-section-height-default\" data-id=\"bd6eb20\" data-element_type=\"section\" data-e-type=\"section\">\n\t\t\t\t\t\t<div class=\"elementor-container elementor-column-gap-default\">\n\t\t\t\t\t<div class=\"elementor-column elementor-col-100 elementor-top-column elementor-element elementor-element-b209670\" data-id=\"b209670\" data-element_type=\"column\" data-e-type=\"column\">\n\t\t\t<div class=\"elementor-widget-wrap elementor-element-populated\">\n\t\t\t\t\t\t<div class=\"elementor-element elementor-element-419d9f8 elementor-widget elementor-widget-spacer\" data-id=\"419d9f8\" data-element_type=\"widget\" data-e-type=\"widget\" data-widget_type=\"spacer.default\">\n\t\t\t\t<div class=\"elementor-widget-container\">\n\t\t\t\t\t\t\t<div class=\"elementor-spacer\">\n\t\t\t<div class=\"elementor-spacer-inner\"><\/div>\n\t\t<\/div>\n\t\t\t\t\t\t<\/div>\n\t\t\t\t<\/div>\n\t\t\t\t\t<\/div>\n\t\t<\/div>\n\t\t\t\t\t<\/div>\n\t\t<\/section>\n\t\t\t\t<\/div>","protected":false},"excerpt":{"rendered":"<p>Maty&#8217;s Place We only handle reservation requests, reservations, inquiries, etc. through the Airbnb.com and Booking.com platforms. We do not process reservations or other requests by phone, text messages, email, or social media.\u00a0 RESERVATION<\/p>","protected":false},"author":2,"featured_media":0,"parent":0,"menu_order":7,"comment_status":"closed","ping_status":"closed","template":"","meta":{"footnotes":""},"class_list":["post-2175","page","type-page","status-publish","hentry"],"_links":{"self":[{"href":"https:\/\/matys.place\/pt\/wp-json\/wp\/v2\/pages\/2175","targetHints":{"allow":["GET"]}}],"collection":[{"href":"https:\/\/matys.place\/pt\/wp-json\/wp\/v2\/pages"}],"about":[{"href":"https:\/\/matys.place\/pt\/wp-json\/wp\/v2\/types\/page"}],"author":[{"embeddable":true,"href":"https:\/\/matys.place\/pt\/wp-json\/wp\/v2\/users\/2"}],"replies":[{"embeddable":true,"href":"https:\/\/matys.place\/pt\/wp-json\/wp\/v2\/comments?post=2175"}],"version-history":[{"count":40,"href":"https:\/\/matys.place\/pt\/wp-json\/wp\/v2\/pages\/2175\/revisions"}],"predecessor-version":[{"id":2280,"href":"https:\/\/matys.place\/pt\/wp-json\/wp\/v2\/pages\/2175\/revisions\/2280"}],"wp:attachment":[{"href":"https:\/\/matys.place\/pt\/wp-json\/wp\/v2\/media?parent=2175"}],"curies":[{"name":"wp","href":"https:\/\/api.w.org\/{rel}","templated":true}]}}