{"id":2219,"date":"2025-10-02T13:23:49","date_gmt":"2025-10-02T13:23:49","guid":{"rendered":"https:\/\/matys.place\/?page_id=2219"},"modified":"2026-01-03T00:18:08","modified_gmt":"2026-01-03T00:18:08","slug":"terms","status":"publish","type":"page","link":"https:\/\/matys.place\/pt\/terms\/","title":{"rendered":"Terms and conditions"},"content":{"rendered":"<div data-elementor-type=\"wp-page\" data-elementor-id=\"2219\" class=\"elementor elementor-2219\">\n\t\t\t\t\t\t<section class=\"elementor-section elementor-top-section elementor-element elementor-element-7c06daff elementor-section-full_width elementor-section-height-default elementor-section-height-default\" data-id=\"7c06daff\" data-element_type=\"section\" data-e-type=\"section\">\n\t\t\t\t\t\t<div class=\"elementor-container elementor-column-gap-default\">\n\t\t\t\t\t<div class=\"elementor-column elementor-col-50 elementor-top-column elementor-element elementor-element-79037b82\" data-id=\"79037b82\" data-element_type=\"column\" data-e-type=\"column\">\n\t\t\t<div class=\"elementor-widget-wrap elementor-element-populated\">\n\t\t\t\t\t\t<div class=\"elementor-element elementor-element-4ca6d166 elementor-widget elementor-widget-image\" data-id=\"4ca6d166\" data-element_type=\"widget\" data-e-type=\"widget\" data-widget_type=\"image.default\">\n\t\t\t\t<div class=\"elementor-widget-container\">\n\t\t\t\t\t\t\t\t\t\t\t\t\t\t\t<img fetchpriority=\"high\" decoding=\"async\" width=\"1490\" height=\"1189\" src=\"https:\/\/matys.place\/wp-content\/uploads\/2026\/01\/MATYS-PLACE-ERICEIRA-PORTUGAL-MAFRA-ERICEIRA.jpg\" class=\"attachment-full size-full wp-image-2260\" alt=\"Matys Place - Mafra - Ericeira - Portugal\" srcset=\"https:\/\/matys.place\/wp-content\/uploads\/2026\/01\/MATYS-PLACE-ERICEIRA-PORTUGAL-MAFRA-ERICEIRA.jpg 1490w, https:\/\/matys.place\/wp-content\/uploads\/2026\/01\/MATYS-PLACE-ERICEIRA-PORTUGAL-MAFRA-ERICEIRA-300x239.jpg 300w, https:\/\/matys.place\/wp-content\/uploads\/2026\/01\/MATYS-PLACE-ERICEIRA-PORTUGAL-MAFRA-ERICEIRA-1024x817.jpg 1024w, https:\/\/matys.place\/wp-content\/uploads\/2026\/01\/MATYS-PLACE-ERICEIRA-PORTUGAL-MAFRA-ERICEIRA-768x613.jpg 768w, https:\/\/matys.place\/wp-content\/uploads\/2026\/01\/MATYS-PLACE-ERICEIRA-PORTUGAL-MAFRA-ERICEIRA-15x12.jpg 15w, https:\/\/matys.place\/wp-content\/uploads\/2026\/01\/MATYS-PLACE-ERICEIRA-PORTUGAL-MAFRA-ERICEIRA-100x80.jpg 100w, https:\/\/matys.place\/wp-content\/uploads\/2026\/01\/MATYS-PLACE-ERICEIRA-PORTUGAL-MAFRA-ERICEIRA-380x303.jpg 380w, https:\/\/matys.place\/wp-content\/uploads\/2026\/01\/MATYS-PLACE-ERICEIRA-PORTUGAL-MAFRA-ERICEIRA-877x700.jpg 877w, https:\/\/matys.place\/wp-content\/uploads\/2026\/01\/MATYS-PLACE-ERICEIRA-PORTUGAL-MAFRA-ERICEIRA-1190x950.jpg 1190w, https:\/\/matys.place\/wp-content\/uploads\/2026\/01\/MATYS-PLACE-ERICEIRA-PORTUGAL-MAFRA-ERICEIRA-1353x1080.jpg 1353w, https:\/\/matys.place\/wp-content\/uploads\/2026\/01\/MATYS-PLACE-ERICEIRA-PORTUGAL-MAFRA-ERICEIRA-53x42.jpg 53w\" sizes=\"(max-width: 1490px) 100vw, 1490px\" \/>\t\t\t\t\t\t\t\t\t\t\t\t\t\t\t<\/div>\n\t\t\t\t<\/div>\n\t\t\t\t<section class=\"elementor-section elementor-inner-section elementor-element elementor-element-9407d69 elementor-section-boxed elementor-section-height-default elementor-section-height-default\" data-id=\"9407d69\" data-element_type=\"section\" data-e-type=\"section\">\n\t\t\t\t\t\t<div class=\"elementor-container elementor-column-gap-default\">\n\t\t\t\t\t<div class=\"elementor-column elementor-col-50 elementor-inner-column elementor-element elementor-element-292f566\" data-id=\"292f566\" data-element_type=\"column\" data-e-type=\"column\">\n\t\t\t<div class=\"elementor-widget-wrap\">\n\t\t\t\t\t\t\t<\/div>\n\t\t<\/div>\n\t\t\t\t<div class=\"elementor-column elementor-col-50 elementor-inner-column elementor-element elementor-element-ff89853\" data-id=\"ff89853\" data-element_type=\"column\" data-e-type=\"column\">\n\t\t\t<div class=\"elementor-widget-wrap elementor-element-populated\">\n\t\t\t\t\t\t<div class=\"elementor-element elementor-element-1faf0bc elementor-widget elementor-widget-heading\" data-id=\"1faf0bc\" data-element_type=\"widget\" data-e-type=\"widget\" data-widget_type=\"heading.default\">\n\t\t\t\t<div class=\"elementor-widget-container\">\n\t\t\t\t\t<h3 class=\"elementor-heading-title elementor-size-default\">TERMOS E CONDI\u00c7\u00d5ES<\/h3>\t\t\t\t<\/div>\n\t\t\t\t<\/div>\n\t\t\t\t<div class=\"elementor-element elementor-element-8f04264 elementor-widget__width-initial elementor-widget elementor-widget-text-editor\" data-id=\"8f04264\" data-element_type=\"widget\" data-e-type=\"widget\" data-widget_type=\"text-editor.default\">\n\t\t\t\t<div class=\"elementor-widget-container\">\n\t\t\t\t\t\t\t\t\t<p>Recebemos h\u00f3spedes educados<\/p><p>Gerimos este alojamento como um hobby, para que possamos oferecer algo diferente \u00e0s pessoas que querem descansar e relaxar no Maty's Place, ou como parte de f\u00e9rias e viagens em fam\u00edlia, ou viagens de neg\u00f3cios.<\/p><p>Proibimos estritamente festas, celebra\u00e7\u00f5es de anivers\u00e1rio ou outros eventos (festas com \u00e1lcool, etc.). Estamos localizados numa \u00e1rea muito tranquila e n\u00e3o queremos que nada disso aconte\u00e7a no nosso alojamento. N\u00e3o precisamos de reservas a qualquer custo.<\/p><p>Estamos dispostos a concordar com muitas coisas, desde que seja com anteced\u00eancia. N\u00e3o aceitamos qualquer tipo de burla das regras.<\/p><p>#matysplace #matysplaceportugal<\/p>\t\t\t\t\t\t\t\t<\/div>\n\t\t\t\t<\/div>\n\t\t\t\t\t<\/div>\n\t\t<\/div>\n\t\t\t\t\t<\/div>\n\t\t<\/section>\n\t\t\t\t\t<\/div>\n\t\t<\/div>\n\t\t\t\t<div class=\"elementor-column elementor-col-50 elementor-top-column elementor-element elementor-element-22524f6f\" data-id=\"22524f6f\" data-element_type=\"column\" data-e-type=\"column\" data-settings=\"{&quot;background_background&quot;:&quot;classic&quot;}\">\n\t\t\t<div class=\"elementor-widget-wrap elementor-element-populated\">\n\t\t\t\t\t\t<div class=\"elementor-element elementor-element-11419c1f elementor-widget elementor-widget-spacer\" data-id=\"11419c1f\" data-element_type=\"widget\" data-e-type=\"widget\" data-widget_type=\"spacer.default\">\n\t\t\t\t<div class=\"elementor-widget-container\">\n\t\t\t\t\t\t\t<div class=\"elementor-spacer\">\n\t\t\t<div class=\"elementor-spacer-inner\"><\/div>\n\t\t<\/div>\n\t\t\t\t\t\t<\/div>\n\t\t\t\t<\/div>\n\t\t\t\t\t<\/div>\n\t\t<\/div>\n\t\t\t\t\t<\/div>\n\t\t<\/section>\n\t\t\t\t<section class=\"elementor-section elementor-top-section elementor-element elementor-element-3311a1f elementor-section-boxed elementor-section-height-default elementor-section-height-default\" data-id=\"3311a1f\" data-element_type=\"section\" data-e-type=\"section\">\n\t\t\t\t\t\t<div class=\"elementor-container elementor-column-gap-default\">\n\t\t\t\t\t<div class=\"elementor-column elementor-col-100 elementor-top-column elementor-element elementor-element-35367d6\" data-id=\"35367d6\" data-element_type=\"column\" data-e-type=\"column\">\n\t\t\t<div class=\"elementor-widget-wrap elementor-element-populated\">\n\t\t\t\t\t\t<div class=\"elementor-element elementor-element-1548f1f elementor-widget elementor-widget-spacer\" data-id=\"1548f1f\" data-element_type=\"widget\" data-e-type=\"widget\" data-widget_type=\"spacer.default\">\n\t\t\t\t<div class=\"elementor-widget-container\">\n\t\t\t\t\t\t\t<div class=\"elementor-spacer\">\n\t\t\t<div class=\"elementor-spacer-inner\"><\/div>\n\t\t<\/div>\n\t\t\t\t\t\t<\/div>\n\t\t\t\t<\/div>\n\t\t\t\t\t<\/div>\n\t\t<\/div>\n\t\t\t\t\t<\/div>\n\t\t<\/section>\n\t\t\t\t<section class=\"elementor-section elementor-top-section elementor-element elementor-element-fa8e0e5 elementor-section-boxed elementor-section-height-default elementor-section-height-default\" data-id=\"fa8e0e5\" data-element_type=\"section\" data-e-type=\"section\">\n\t\t\t\t\t\t<div class=\"elementor-container elementor-column-gap-default\">\n\t\t\t\t\t<div class=\"elementor-column elementor-col-100 elementor-top-column elementor-element elementor-element-3ca63cf\" data-id=\"3ca63cf\" data-element_type=\"column\" data-e-type=\"column\">\n\t\t\t<div class=\"elementor-widget-wrap elementor-element-populated\">\n\t\t\t\t\t\t<div class=\"elementor-element elementor-element-e31b10f elementor-widget elementor-widget-heading\" data-id=\"e31b10f\" data-element_type=\"widget\" data-e-type=\"widget\" data-widget_type=\"heading.default\">\n\t\t\t\t<div class=\"elementor-widget-container\">\n\t\t\t\t\t<h6 class=\"elementor-heading-title elementor-size-default\">Termos e condi\u00e7\u00f5es de reserva e regras de alojamento no Maty's Place<\/h6>\t\t\t\t<\/div>\n\t\t\t\t<\/div>\n\t\t\t\t\t<\/div>\n\t\t<\/div>\n\t\t\t\t\t<\/div>\n\t\t<\/section>\n\t\t\t\t<section class=\"elementor-section elementor-top-section elementor-element elementor-element-45cbd23 elementor-section-boxed elementor-section-height-default elementor-section-height-default\" data-id=\"45cbd23\" data-element_type=\"section\" data-e-type=\"section\">\n\t\t\t\t\t\t<div class=\"elementor-container elementor-column-gap-default\">\n\t\t\t\t\t<div class=\"elementor-column elementor-col-100 elementor-top-column elementor-element elementor-element-48f12f0\" data-id=\"48f12f0\" data-element_type=\"column\" data-e-type=\"column\">\n\t\t\t<div class=\"elementor-widget-wrap elementor-element-populated\">\n\t\t\t\t\t\t<div class=\"elementor-element elementor-element-67f6832 elementor-widget__width-initial elementor-widget elementor-widget-text-editor\" data-id=\"67f6832\" data-element_type=\"widget\" data-e-type=\"widget\" data-widget_type=\"text-editor.default\">\n\t\t\t\t<div class=\"elementor-widget-container\">\n\t\t\t\t\t\t\t\t\t<p><b><u>Condi\u00e7\u00f5es para confirmar a sua reserva<\/u><\/b><\/p><p>1.    A sua reserva no Airbnb.com e no Booking s\u00f3 ser\u00e1 v\u00e1lida ap\u00f3s a confirma\u00e7\u00e3o do Maty's Place nessas plataformas. (N\u00e3o aceitamos reservas por outros meios.).<\/p><p>2. A pessoa que efetua a reserva deve confirmar que concorda com as regras de alojamento no prazo de 24 horas ap\u00f3s a cria\u00e7\u00e3o da reserva, caso contr\u00e1rio, a reserva ser\u00e1 automaticamente cancelada.<\/p><p>3. No momento do CHECK-IN, a pessoa respons\u00e1vel pela reserva deve preencher o documento Boletim do SEF. De acordo com a legisla\u00e7\u00e3o portuguesa, a pessoa que faz a reserva, juntamente com os outros h\u00f3spedes confirmados na reserva, \u00e9 obrigada a preencher este documento. Sem o preenchimento deste documento e das informa\u00e7\u00f5es sobre os h\u00f3spedes alojados, a sua estadia no Maty's Place n\u00e3o ser\u00e1 permitida e ser\u00e1 encerrada. Os dados indicados neste documento devem corresponder a todos os dados indicados nos seus documentos de identifica\u00e7\u00e3o. Para agilizar o CHECK-IN, solicitamos que os nomes dos h\u00f3spedes sejam enviados com anteced\u00eancia.<\/p><p>4. Se a ger\u00eancia do Maty's Place, Booking, Airbnb avaliar a reserva como potencialmente arriscada, a ger\u00eancia do Maty's Place proceder\u00e1 de acordo com as regras de alojamento acordadas e assinadas. No CHECK-IN, ser\u00e1 exigida uma cau\u00e7\u00e3o reembols\u00e1vel no valor de 200 EUR, que ser\u00e1 paga pela pessoa que efetuou a reserva em dinheiro no CHECK-IN e ser\u00e1 devolvida no CHECK-OUT, se tudo estiver em ordem. O h\u00f3spede ser\u00e1 informado sobre isso no momento da solicita\u00e7\u00e3o da reserva.<\/p>\t\t\t\t\t\t\t\t<\/div>\n\t\t\t\t<\/div>\n\t\t\t\t\t<\/div>\n\t\t<\/div>\n\t\t\t\t\t<\/div>\n\t\t<\/section>\n\t\t\t\t<section class=\"elementor-section elementor-top-section elementor-element elementor-element-6d96de5 elementor-section-boxed elementor-section-height-default elementor-section-height-default\" data-id=\"6d96de5\" data-element_type=\"section\" data-e-type=\"section\">\n\t\t\t\t\t\t<div class=\"elementor-container elementor-column-gap-default\">\n\t\t\t\t\t<div class=\"elementor-column elementor-col-100 elementor-top-column elementor-element elementor-element-95ebd7c\" data-id=\"95ebd7c\" data-element_type=\"column\" data-e-type=\"column\">\n\t\t\t<div class=\"elementor-widget-wrap elementor-element-populated\">\n\t\t\t\t\t\t<div class=\"elementor-element elementor-element-745b5e4 elementor-widget-divider--view-line elementor-widget elementor-widget-divider\" data-id=\"745b5e4\" data-element_type=\"widget\" data-e-type=\"widget\" data-widget_type=\"divider.default\">\n\t\t\t\t<div class=\"elementor-widget-container\">\n\t\t\t\t\t\t\t<div class=\"elementor-divider\">\n\t\t\t<span class=\"elementor-divider-separator\">\n\t\t\t\t\t\t<\/span>\n\t\t<\/div>\n\t\t\t\t\t\t<\/div>\n\t\t\t\t<\/div>\n\t\t\t\t\t<\/div>\n\t\t<\/div>\n\t\t\t\t\t<\/div>\n\t\t<\/section>\n\t\t\t\t<section class=\"elementor-section elementor-top-section elementor-element elementor-element-b418211 elementor-section-boxed elementor-section-height-default elementor-section-height-default\" data-id=\"b418211\" data-element_type=\"section\" data-e-type=\"section\">\n\t\t\t\t\t\t<div class=\"elementor-container elementor-column-gap-default\">\n\t\t\t\t\t<div class=\"elementor-column elementor-col-100 elementor-top-column elementor-element elementor-element-4a1ab35\" data-id=\"4a1ab35\" data-element_type=\"column\" data-e-type=\"column\">\n\t\t\t<div class=\"elementor-widget-wrap elementor-element-populated\">\n\t\t\t\t\t\t<div class=\"elementor-element elementor-element-093e140 elementor-widget__width-initial elementor-widget elementor-widget-text-editor\" data-id=\"093e140\" data-element_type=\"widget\" data-e-type=\"widget\" data-widget_type=\"text-editor.default\">\n\t\t\t\t<div class=\"elementor-widget-container\">\n\t\t\t\t\t\t\t\t\t<p><b><u>Check In &amp; Check Out<\/u><\/b><\/p><p>CHECK-IN \u2013 15:00-18:00 (As chaves s\u00e3o entregues pela ger\u00eancia do Maty's Place, com uma explica\u00e7\u00e3o sobre o funcionamento do alojamento).<\/p><p>Em caso de atraso do voo, fazemos o check-in mais tarde e gratuitamente.<\/p><p>CHECK-OUT \u2013 11:00 (N\u00e3o \u00e9 poss\u00edvel mais tarde, caso contr\u00e1rio, ser\u00e1 cobrada uma taxa pelo dia seguinte, salvo acordo em contr\u00e1rio).<\/p>\t\t\t\t\t\t\t\t<\/div>\n\t\t\t\t<\/div>\n\t\t\t\t\t<\/div>\n\t\t<\/div>\n\t\t\t\t\t<\/div>\n\t\t<\/section>\n\t\t\t\t<section class=\"elementor-section elementor-top-section elementor-element elementor-element-7716588 elementor-section-boxed elementor-section-height-default elementor-section-height-default\" data-id=\"7716588\" data-element_type=\"section\" data-e-type=\"section\">\n\t\t\t\t\t\t<div class=\"elementor-container elementor-column-gap-default\">\n\t\t\t\t\t<div class=\"elementor-column elementor-col-100 elementor-top-column elementor-element elementor-element-b173e67\" data-id=\"b173e67\" data-element_type=\"column\" data-e-type=\"column\">\n\t\t\t<div class=\"elementor-widget-wrap elementor-element-populated\">\n\t\t\t\t\t\t<div class=\"elementor-element elementor-element-7e6ace9 elementor-widget-divider--view-line elementor-widget elementor-widget-divider\" data-id=\"7e6ace9\" data-element_type=\"widget\" data-e-type=\"widget\" data-widget_type=\"divider.default\">\n\t\t\t\t<div class=\"elementor-widget-container\">\n\t\t\t\t\t\t\t<div class=\"elementor-divider\">\n\t\t\t<span class=\"elementor-divider-separator\">\n\t\t\t\t\t\t<\/span>\n\t\t<\/div>\n\t\t\t\t\t\t<\/div>\n\t\t\t\t<\/div>\n\t\t\t\t\t<\/div>\n\t\t<\/div>\n\t\t\t\t\t<\/div>\n\t\t<\/section>\n\t\t\t\t<section class=\"elementor-section elementor-top-section elementor-element elementor-element-9a55650 elementor-section-boxed elementor-section-height-default elementor-section-height-default\" data-id=\"9a55650\" data-element_type=\"section\" data-e-type=\"section\">\n\t\t\t\t\t\t<div class=\"elementor-container elementor-column-gap-default\">\n\t\t\t\t\t<div class=\"elementor-column elementor-col-100 elementor-top-column elementor-element elementor-element-8c3b7fa\" data-id=\"8c3b7fa\" data-element_type=\"column\" data-e-type=\"column\">\n\t\t\t<div class=\"elementor-widget-wrap elementor-element-populated\">\n\t\t\t\t\t\t<div class=\"elementor-element elementor-element-9e8233c elementor-widget__width-initial elementor-widget elementor-widget-text-editor\" data-id=\"9e8233c\" data-element_type=\"widget\" data-e-type=\"widget\" data-widget_type=\"text-editor.default\">\n\t\t\t\t<div class=\"elementor-widget-container\">\n\t\t\t\t\t\t\t\t\t<p><b><u>Regras de alojamento do Maty's Place<\/u><\/b><\/p><p>1.\u2060 Sil\u00eancio noturno: 23:00 \u2013 7:00. O Maty's Place est\u00e1 localizado numa zona muito tranquila e \u00e9 estritamente proibido qualquer tipo de ru\u00eddo ap\u00f3s as 23:00 (toler\u00e2ncia 0%). Em caso de viola\u00e7\u00e3o, a estadia ser\u00e1 imediatamente encerrada.<\/p><p>2.\u2060\u2060\u2060\u2060\u2060\u2060\u2060 O alojamento Maty's Place pode acomodar um m\u00e1ximo de 4-6 pessoas. S\u00e3o proibidas quaisquer visitas de outras pessoas. Em caso de viola\u00e7\u00e3o desta regra, a pessoa que fez a reserva pagar\u00e1 uma multa de 200 EUR.<\/p><p>3.\u2060 Fumar (cigarros eletr\u00f3nicos, etc.) s\u00f3 \u00e9 permitido em locais espec\u00edficos. \u00c9 proibido fumar dentro da casa e na \u00e1rea da jacuzzi.<\/p><p>\u2060 4. Os danos causados a qualquer equipamento do Maty's Place (casa, jacuzzi, jardim, bar, churrasqueira, etc.) ser\u00e3o pagos pela pessoa que fez a reserva pelo valor de mercado atual do item danificado \u00e0 ger\u00eancia do Maty's Place em dinheiro no momento do check-out.<\/p><p>5.\u2060\u2060\u2060\u2060 A casa deve ser devolvida pela pessoa que fez a reserva no momento do CHECK OUT em estado limpo e com os caixotes do lixo esvaziados.<\/p><p>6.\u2060 Animais dom\u00e9sticos ou quaisquer outros animais n\u00e3o s\u00e3o permitidos. (C\u00e3es de assist\u00eancia apenas mediante acordo pr\u00e9vio com a ger\u00eancia do Maty's Place, caso contr\u00e1rio, n\u00e3o).<\/p><p>7. O Maty's Place possui um sistema de c\u00e2maras nas \u00e1reas exteriores, em conformidade com as leis portuguesas e europeias em vigor. Este sistema serve para proteger a nossa propriedade e, se necess\u00e1rio, como prova entre o Maty's Place e os h\u00f3spedes, para que qualquer situa\u00e7\u00e3o que possa surgir seja imediatamente resolvida.<\/p><p>&#8212;&#8212;&#8212;&#8212;&#8212;&#8212;&#8212; &#8212;&#8212;&#8212;&#8212;&#8212;&#8212;&#8212;&#8212;&#8212;&#8212;&#8212;<\/p><p>O Maty's Place n\u00e3o se responsabiliza pelas consequ\u00eancias do uso indevido de equipamentos e aparelhos el\u00e9tricos, varandas, janelas, corrim\u00e3os, escadas e outros locais perigosos por parte dos h\u00f3spedes.<\/p><p>#matysplace #matysplaceportugal<\/p>\t\t\t\t\t\t\t\t<\/div>\n\t\t\t\t<\/div>\n\t\t\t\t\t<\/div>\n\t\t<\/div>\n\t\t\t\t\t<\/div>\n\t\t<\/section>\n\t\t\t\t<\/div>","protected":false},"excerpt":{"rendered":"<p>TERMS &amp; CONDITIONS We welcome polite guests We run this accommodation as a hobby so that we can offer something different to people who want to rest and relax at Maty&#8217;s Place, or as part of family vacations and trips, &hellip; <a href=\"https:\/\/matys.place\/pt\/terms\/\">Read More<\/a><\/p>","protected":false},"author":2,"featured_media":0,"parent":0,"menu_order":6,"comment_status":"closed","ping_status":"closed","template":"","meta":{"footnotes":""},"class_list":["post-2219","page","type-page","status-publish","hentry"],"_links":{"self":[{"href":"https:\/\/matys.place\/pt\/wp-json\/wp\/v2\/pages\/2219","targetHints":{"allow":["GET"]}}],"collection":[{"href":"https:\/\/matys.place\/pt\/wp-json\/wp\/v2\/pages"}],"about":[{"href":"https:\/\/matys.place\/pt\/wp-json\/wp\/v2\/types\/page"}],"author":[{"embeddable":true,"href":"https:\/\/matys.place\/pt\/wp-json\/wp\/v2\/users\/2"}],"replies":[{"embeddable":true,"href":"https:\/\/matys.place\/pt\/wp-json\/wp\/v2\/comments?post=2219"}],"version-history":[{"count":34,"href":"https:\/\/matys.place\/pt\/wp-json\/wp\/v2\/pages\/2219\/revisions"}],"predecessor-version":[{"id":2371,"href":"https:\/\/matys.place\/pt\/wp-json\/wp\/v2\/pages\/2219\/revisions\/2371"}],"wp:attachment":[{"href":"https:\/\/matys.place\/pt\/wp-json\/wp\/v2\/media?parent=2219"}],"curies":[{"name":"wp","href":"https:\/\/api.w.org\/{rel}","templated":true}]}}