{"id":39,"date":"2022-02-01T12:21:11","date_gmt":"2022-02-01T20:21:11","guid":{"rendered":"https:\/\/import.bellevuetheme.com\/beachhouse2\/why-us\/"},"modified":"2026-01-03T00:17:20","modified_gmt":"2026-01-03T00:17:20","slug":"matysplace","status":"publish","type":"page","link":"https:\/\/matys.place\/pt\/matysplace\/","title":{"rendered":"Sobre N\u00f3s"},"content":{"rendered":"<div data-elementor-type=\"wp-page\" data-elementor-id=\"39\" class=\"elementor elementor-39\">\n\t\t\t\t\t\t<section class=\"elementor-section elementor-top-section elementor-element elementor-element-7c06daff elementor-section-full_width elementor-section-height-default elementor-section-height-default\" data-id=\"7c06daff\" data-element_type=\"section\" data-e-type=\"section\">\n\t\t\t\t\t\t<div class=\"elementor-container elementor-column-gap-default\">\n\t\t\t\t\t<div class=\"elementor-column elementor-col-50 elementor-top-column elementor-element elementor-element-79037b82\" data-id=\"79037b82\" data-element_type=\"column\" data-e-type=\"column\">\n\t\t\t<div class=\"elementor-widget-wrap elementor-element-populated\">\n\t\t\t\t\t\t<div class=\"elementor-element elementor-element-4ca6d166 elementor-widget elementor-widget-image\" data-id=\"4ca6d166\" data-element_type=\"widget\" data-e-type=\"widget\" data-widget_type=\"image.default\">\n\t\t\t\t<div class=\"elementor-widget-container\">\n\t\t\t\t\t\t\t\t\t\t\t\t\t\t\t<img fetchpriority=\"high\" decoding=\"async\" width=\"1490\" height=\"1189\" src=\"https:\/\/matys.place\/wp-content\/uploads\/2026\/01\/MATYS-PLACE-ERICEIRA-PORTUGAL-MAFRA-ERICEIRA.jpg\" class=\"attachment-full size-full wp-image-2260\" alt=\"Matys Place - Mafra - Ericeira - Portugal\" srcset=\"https:\/\/matys.place\/wp-content\/uploads\/2026\/01\/MATYS-PLACE-ERICEIRA-PORTUGAL-MAFRA-ERICEIRA.jpg 1490w, https:\/\/matys.place\/wp-content\/uploads\/2026\/01\/MATYS-PLACE-ERICEIRA-PORTUGAL-MAFRA-ERICEIRA-300x239.jpg 300w, https:\/\/matys.place\/wp-content\/uploads\/2026\/01\/MATYS-PLACE-ERICEIRA-PORTUGAL-MAFRA-ERICEIRA-1024x817.jpg 1024w, https:\/\/matys.place\/wp-content\/uploads\/2026\/01\/MATYS-PLACE-ERICEIRA-PORTUGAL-MAFRA-ERICEIRA-768x613.jpg 768w, https:\/\/matys.place\/wp-content\/uploads\/2026\/01\/MATYS-PLACE-ERICEIRA-PORTUGAL-MAFRA-ERICEIRA-15x12.jpg 15w, https:\/\/matys.place\/wp-content\/uploads\/2026\/01\/MATYS-PLACE-ERICEIRA-PORTUGAL-MAFRA-ERICEIRA-100x80.jpg 100w, https:\/\/matys.place\/wp-content\/uploads\/2026\/01\/MATYS-PLACE-ERICEIRA-PORTUGAL-MAFRA-ERICEIRA-380x303.jpg 380w, https:\/\/matys.place\/wp-content\/uploads\/2026\/01\/MATYS-PLACE-ERICEIRA-PORTUGAL-MAFRA-ERICEIRA-877x700.jpg 877w, https:\/\/matys.place\/wp-content\/uploads\/2026\/01\/MATYS-PLACE-ERICEIRA-PORTUGAL-MAFRA-ERICEIRA-1190x950.jpg 1190w, https:\/\/matys.place\/wp-content\/uploads\/2026\/01\/MATYS-PLACE-ERICEIRA-PORTUGAL-MAFRA-ERICEIRA-1353x1080.jpg 1353w, https:\/\/matys.place\/wp-content\/uploads\/2026\/01\/MATYS-PLACE-ERICEIRA-PORTUGAL-MAFRA-ERICEIRA-53x42.jpg 53w\" sizes=\"(max-width: 1490px) 100vw, 1490px\" \/>\t\t\t\t\t\t\t\t\t\t\t\t\t\t\t<\/div>\n\t\t\t\t<\/div>\n\t\t\t\t<section class=\"elementor-section elementor-inner-section elementor-element elementor-element-9407d69 elementor-section-boxed elementor-section-height-default elementor-section-height-default\" data-id=\"9407d69\" data-element_type=\"section\" data-e-type=\"section\">\n\t\t\t\t\t\t<div class=\"elementor-container elementor-column-gap-default\">\n\t\t\t\t\t<div class=\"elementor-column elementor-col-50 elementor-inner-column elementor-element elementor-element-292f566\" data-id=\"292f566\" data-element_type=\"column\" data-e-type=\"column\">\n\t\t\t<div class=\"elementor-widget-wrap\">\n\t\t\t\t\t\t\t<\/div>\n\t\t<\/div>\n\t\t\t\t<div class=\"elementor-column elementor-col-50 elementor-inner-column elementor-element elementor-element-ff89853\" data-id=\"ff89853\" data-element_type=\"column\" data-e-type=\"column\">\n\t\t\t<div class=\"elementor-widget-wrap elementor-element-populated\">\n\t\t\t\t\t\t<div class=\"elementor-element elementor-element-1faf0bc elementor-widget elementor-widget-heading\" data-id=\"1faf0bc\" data-element_type=\"widget\" data-e-type=\"widget\" data-widget_type=\"heading.default\">\n\t\t\t\t<div class=\"elementor-widget-container\">\n\t\t\t\t\t<h3 class=\"elementor-heading-title elementor-size-default\">SOBRE N\u00d3S<\/h3>\t\t\t\t<\/div>\n\t\t\t\t<\/div>\n\t\t\t\t<div class=\"elementor-element elementor-element-8f04264 elementor-widget__width-initial elementor-widget elementor-widget-text-editor\" data-id=\"8f04264\" data-element_type=\"widget\" data-e-type=\"widget\" data-widget_type=\"text-editor.default\">\n\t\t\t\t<div class=\"elementor-widget-container\">\n\t\t\t\t\t\t\t\t\t<p>O nosso alojamento est\u00e1 localizado numa zona tranquila e acolhedora, a cerca de 10 minutos da Ericeira, e \u00e9 ideal para relaxar. Somos um alojamento familiar e recebemos h\u00f3spedes em viagens de neg\u00f3cios e qualquer pessoa que queira relaxar no nosso alojamento. N\u00e3o s\u00e3o permitidas festas, celebra\u00e7\u00f5es de anivers\u00e1rios ou outros eventos no nosso alojamento.\u00a0<\/p><p>Quer pretenda relaxar na banheira de hidromassagem, desfrutar de um churrasco ou dar um passeio pela praia da Ericeira, temos tudo o que precisa! Temos a certeza de que ir\u00e1 adorar a nossa propriedade tanto quanto n\u00f3s, por isso venha desfrutar do melhor do Maty's Place!<\/p><p>#matysplace #matysplaceportugal<\/p>\t\t\t\t\t\t\t\t<\/div>\n\t\t\t\t<\/div>\n\t\t\t\t\t<\/div>\n\t\t<\/div>\n\t\t\t\t\t<\/div>\n\t\t<\/section>\n\t\t\t\t\t<\/div>\n\t\t<\/div>\n\t\t\t\t<div class=\"elementor-column elementor-col-50 elementor-top-column elementor-element elementor-element-22524f6f\" data-id=\"22524f6f\" data-element_type=\"column\" data-e-type=\"column\" data-settings=\"{&quot;background_background&quot;:&quot;classic&quot;}\">\n\t\t\t<div class=\"elementor-widget-wrap elementor-element-populated\">\n\t\t\t\t\t\t<div class=\"elementor-element elementor-element-11419c1f elementor-widget elementor-widget-spacer\" data-id=\"11419c1f\" data-element_type=\"widget\" data-e-type=\"widget\" data-widget_type=\"spacer.default\">\n\t\t\t\t<div class=\"elementor-widget-container\">\n\t\t\t\t\t\t\t<div class=\"elementor-spacer\">\n\t\t\t<div class=\"elementor-spacer-inner\"><\/div>\n\t\t<\/div>\n\t\t\t\t\t\t<\/div>\n\t\t\t\t<\/div>\n\t\t\t\t\t<\/div>\n\t\t<\/div>\n\t\t\t\t\t<\/div>\n\t\t<\/section>\n\t\t\t\t<section class=\"elementor-section elementor-top-section elementor-element elementor-element-7397ae0a elementor-reverse-tablet elementor-reverse-mobile elementor-section-boxed elementor-section-height-default elementor-section-height-default\" data-id=\"7397ae0a\" data-element_type=\"section\" data-e-type=\"section\">\n\t\t\t\t\t\t<div class=\"elementor-container elementor-column-gap-default\">\n\t\t\t\t\t<div class=\"elementor-column elementor-col-50 elementor-top-column elementor-element elementor-element-73b41869\" data-id=\"73b41869\" data-element_type=\"column\" data-e-type=\"column\">\n\t\t\t<div class=\"elementor-widget-wrap elementor-element-populated\">\n\t\t\t\t\t\t<div class=\"elementor-element elementor-element-bbf662b elementor-widget__width-initial elementor-widget elementor-widget-image\" data-id=\"bbf662b\" data-element_type=\"widget\" data-e-type=\"widget\" data-widget_type=\"image.default\">\n\t\t\t\t<div class=\"elementor-widget-container\">\n\t\t\t\t\t\t\t\t\t\t\t\t\t\t\t<img decoding=\"async\" width=\"605\" height=\"605\" src=\"https:\/\/matys.place\/wp-content\/uploads\/2026\/01\/MATYS-ERICEIRA-PLACE-PORTUGAL-605x605.jpg\" class=\"attachment-th_img_md_square size-th_img_md_square wp-image-2266\" alt=\"Matys Place - Mafra - Ericeira - Portugal\" srcset=\"https:\/\/matys.place\/wp-content\/uploads\/2026\/01\/MATYS-ERICEIRA-PLACE-PORTUGAL-605x605.jpg 605w, https:\/\/matys.place\/wp-content\/uploads\/2026\/01\/MATYS-ERICEIRA-PLACE-PORTUGAL-300x300.jpg 300w, https:\/\/matys.place\/wp-content\/uploads\/2026\/01\/MATYS-ERICEIRA-PLACE-PORTUGAL-1024x1024.jpg 1024w, https:\/\/matys.place\/wp-content\/uploads\/2026\/01\/MATYS-ERICEIRA-PLACE-PORTUGAL-150x150.jpg 150w, https:\/\/matys.place\/wp-content\/uploads\/2026\/01\/MATYS-ERICEIRA-PLACE-PORTUGAL-768x768.jpg 768w, https:\/\/matys.place\/wp-content\/uploads\/2026\/01\/MATYS-ERICEIRA-PLACE-PORTUGAL-1536x1536.jpg 1536w, https:\/\/matys.place\/wp-content\/uploads\/2026\/01\/MATYS-ERICEIRA-PLACE-PORTUGAL-2048x2048.jpg 2048w, https:\/\/matys.place\/wp-content\/uploads\/2026\/01\/MATYS-ERICEIRA-PLACE-PORTUGAL-12x12.jpg 12w, https:\/\/matys.place\/wp-content\/uploads\/2026\/01\/MATYS-ERICEIRA-PLACE-PORTUGAL-80x80.jpg 80w, https:\/\/matys.place\/wp-content\/uploads\/2026\/01\/MATYS-ERICEIRA-PLACE-PORTUGAL-394x394.jpg 394w, https:\/\/matys.place\/wp-content\/uploads\/2026\/01\/MATYS-ERICEIRA-PLACE-PORTUGAL-303x303.jpg 303w, https:\/\/matys.place\/wp-content\/uploads\/2026\/01\/MATYS-ERICEIRA-PLACE-PORTUGAL-700x700.jpg 700w, https:\/\/matys.place\/wp-content\/uploads\/2026\/01\/MATYS-ERICEIRA-PLACE-PORTUGAL-950x950.jpg 950w, https:\/\/matys.place\/wp-content\/uploads\/2026\/01\/MATYS-ERICEIRA-PLACE-PORTUGAL-1080x1080.jpg 1080w, https:\/\/matys.place\/wp-content\/uploads\/2026\/01\/MATYS-ERICEIRA-PLACE-PORTUGAL-42x42.jpg 42w\" sizes=\"(max-width: 605px) 100vw, 605px\" \/>\t\t\t\t\t\t\t\t\t\t\t\t\t\t\t<\/div>\n\t\t\t\t<\/div>\n\t\t\t\t\t<\/div>\n\t\t<\/div>\n\t\t\t\t<div class=\"elementor-column elementor-col-50 elementor-top-column elementor-element elementor-element-1df8d142\" data-id=\"1df8d142\" data-element_type=\"column\" data-e-type=\"column\">\n\t\t\t<div class=\"elementor-widget-wrap elementor-element-populated\">\n\t\t\t\t\t\t<div class=\"elementor-element elementor-element-e2b1cbf elementor-widget elementor-widget-text-editor\" data-id=\"e2b1cbf\" data-element_type=\"widget\" data-e-type=\"widget\" data-widget_type=\"text-editor.default\">\n\t\t\t\t<div class=\"elementor-widget-container\">\n\t\t\t\t\t\t\t\t\t<p>O Maty's Place est\u00e1 localizado na zona mais lucrativa de Portugal. Estamos no centro do \u00abreino do surf\u00bb, quando Ericeira, que fica a 10 minutos de carro do Maty's Place, foi escolhida como a reserva mundial de surf. O nosso alojamento tem tudo o que um h\u00f3spede precisa para uma estadia confort\u00e1vel. A apenas um minuto do alojamento, h\u00e1 um posto de gasolina, onde tamb\u00e9m h\u00e1 um multibanco e uma paragem de autocarro. A mais 3 minutos de carro, h\u00e1 dois centros comerciais.<\/p>\t\t\t\t\t\t\t\t<\/div>\n\t\t\t\t<\/div>\n\t\t\t\t\t<\/div>\n\t\t<\/div>\n\t\t\t\t\t<\/div>\n\t\t<\/section>\n\t\t\t\t<section class=\"elementor-section elementor-top-section elementor-element elementor-element-7898680e elementor-section-boxed elementor-section-height-default elementor-section-height-default\" data-id=\"7898680e\" data-element_type=\"section\" data-e-type=\"section\">\n\t\t\t\t\t\t<div class=\"elementor-container elementor-column-gap-default\">\n\t\t\t\t\t<div class=\"elementor-column elementor-col-50 elementor-top-column elementor-element elementor-element-43328703\" data-id=\"43328703\" data-element_type=\"column\" data-e-type=\"column\">\n\t\t\t<div class=\"elementor-widget-wrap elementor-element-populated\">\n\t\t\t\t\t\t<div class=\"elementor-element elementor-element-f50797f elementor-widget__width-initial elementor-widget elementor-widget-text-editor\" data-id=\"f50797f\" data-element_type=\"widget\" data-e-type=\"widget\" data-widget_type=\"text-editor.default\">\n\t\t\t\t<div class=\"elementor-widget-container\">\n\t\t\t\t\t\t\t\t\t<p>A Maty's Place tem uma sala de estar, dois quartos, uma casa de banho com WC e uma cozinha. A acomoda\u00e7\u00e3o \u00e9 para 4-6 h\u00f3spedes. Tudo est\u00e1 totalmente equipado. No exterior, h\u00e1 um jardim, uma \u00e1rea para churrasco para sentar e relaxar e, no topo do jardim, h\u00e1 uma jacuzzi com assentos adicionais e espregui\u00e7adeiras. H\u00e1 estacionamento gratuito dispon\u00edvel em frente \u00e0 casa.<\/p><p>#matysplace #matysplaceportugal<\/p>\t\t\t\t\t\t\t\t<\/div>\n\t\t\t\t<\/div>\n\t\t\t\t\t<\/div>\n\t\t<\/div>\n\t\t\t\t<div class=\"elementor-column elementor-col-50 elementor-top-column elementor-element elementor-element-ea7b98d\" data-id=\"ea7b98d\" data-element_type=\"column\" data-e-type=\"column\">\n\t\t\t<div class=\"elementor-widget-wrap elementor-element-populated\">\n\t\t\t\t\t\t<div class=\"elementor-element elementor-element-f1227b7 elementor-widget elementor-widget-image\" data-id=\"f1227b7\" data-element_type=\"widget\" data-e-type=\"widget\" data-widget_type=\"image.default\">\n\t\t\t\t<div class=\"elementor-widget-container\">\n\t\t\t\t\t\t\t\t\t\t\t\t\t\t\t<img decoding=\"async\" width=\"800\" height=\"800\" src=\"https:\/\/matys.place\/wp-content\/uploads\/2023\/08\/MATYS-PLACE-SURF-ERICEIRA-min.png\" class=\"attachment-large size-large wp-image-713\" alt=\"\" srcset=\"https:\/\/matys.place\/wp-content\/uploads\/2023\/08\/MATYS-PLACE-SURF-ERICEIRA-min.png 800w, https:\/\/matys.place\/wp-content\/uploads\/2023\/08\/MATYS-PLACE-SURF-ERICEIRA-min-300x300.png 300w, https:\/\/matys.place\/wp-content\/uploads\/2023\/08\/MATYS-PLACE-SURF-ERICEIRA-min-150x150.png 150w, https:\/\/matys.place\/wp-content\/uploads\/2023\/08\/MATYS-PLACE-SURF-ERICEIRA-min-768x768.png 768w, https:\/\/matys.place\/wp-content\/uploads\/2023\/08\/MATYS-PLACE-SURF-ERICEIRA-min-80x80.png 80w, https:\/\/matys.place\/wp-content\/uploads\/2023\/08\/MATYS-PLACE-SURF-ERICEIRA-min-394x394.png 394w, https:\/\/matys.place\/wp-content\/uploads\/2023\/08\/MATYS-PLACE-SURF-ERICEIRA-min-303x303.png 303w, https:\/\/matys.place\/wp-content\/uploads\/2023\/08\/MATYS-PLACE-SURF-ERICEIRA-min-605x605.png 605w, https:\/\/matys.place\/wp-content\/uploads\/2023\/08\/MATYS-PLACE-SURF-ERICEIRA-min-700x700.png 700w, https:\/\/matys.place\/wp-content\/uploads\/2023\/08\/MATYS-PLACE-SURF-ERICEIRA-min-42x42.png 42w\" sizes=\"(max-width: 800px) 100vw, 800px\" \/>\t\t\t\t\t\t\t\t\t\t\t\t\t\t\t<\/div>\n\t\t\t\t<\/div>\n\t\t\t\t\t<\/div>\n\t\t<\/div>\n\t\t\t\t\t<\/div>\n\t\t<\/section>\n\t\t\t\t<\/div>","protected":false},"excerpt":{"rendered":"<p>ABOUT US Our accommodation is located in a quiet, friendly area about 10 minutes from Ericeira and is ideal for relaxation. We are a family-friendly accommodation and welcome guests on business trips and anyone who wants to relax in our &hellip; <a href=\"https:\/\/matys.place\/pt\/matysplace\/\">Read More<\/a><\/p>","protected":false},"author":2,"featured_media":0,"parent":0,"menu_order":6,"comment_status":"closed","ping_status":"closed","template":"","meta":{"footnotes":""},"class_list":["post-39","page","type-page","status-publish","hentry"],"_links":{"self":[{"href":"https:\/\/matys.place\/pt\/wp-json\/wp\/v2\/pages\/39","targetHints":{"allow":["GET"]}}],"collection":[{"href":"https:\/\/matys.place\/pt\/wp-json\/wp\/v2\/pages"}],"about":[{"href":"https:\/\/matys.place\/pt\/wp-json\/wp\/v2\/types\/page"}],"author":[{"embeddable":true,"href":"https:\/\/matys.place\/pt\/wp-json\/wp\/v2\/users\/2"}],"replies":[{"embeddable":true,"href":"https:\/\/matys.place\/pt\/wp-json\/wp\/v2\/comments?post=39"}],"version-history":[{"count":203,"href":"https:\/\/matys.place\/pt\/wp-json\/wp\/v2\/pages\/39\/revisions"}],"predecessor-version":[{"id":2368,"href":"https:\/\/matys.place\/pt\/wp-json\/wp\/v2\/pages\/39\/revisions\/2368"}],"wp:attachment":[{"href":"https:\/\/matys.place\/pt\/wp-json\/wp\/v2\/media?parent=39"}],"curies":[{"name":"wp","href":"https:\/\/api.w.org\/{rel}","templated":true}]}}